{"id":364,"date":"2021-10-13T11:34:56","date_gmt":"2021-10-13T08:34:56","guid":{"rendered":"https:\/\/alkionis.local.com\/?page_id=364"},"modified":"2021-10-14T20:48:33","modified_gmt":"2021-10-14T17:48:33","slug":"contact","status":"publish","type":"page","link":"https:\/\/alkionis-beach-apartments-rethymnon.com\/fr\/contact\/","title":{"rendered":"CONTACT"},"content":{"rendered":"","protected":false},"excerpt":{"rendered":"<p>Retrouvez toutes nos coordonn\u00e9es et contactez-nous pour les r\u00e9servations de vos vacances en Cr\u00e8te directement sur la plage. Sfakaki R\u00e9thymnon.<\/p>\n","protected":false},"author":1,"featured_media":0,"parent":0,"menu_order":0,"comment_status":"closed","ping_status":"closed","template":"page-FullWidth.php","meta":{"_acf_changed":false,"footnotes":""},"class_list":["post-364","page","type-page","status-publish","hentry"],"acf":[],"_links":{"self":[{"href":"https:\/\/alkionis-beach-apartments-rethymnon.com\/fr\/wp-json\/wp\/v2\/pages\/364","targetHints":{"allow":["GET"]}}],"collection":[{"href":"https:\/\/alkionis-beach-apartments-rethymnon.com\/fr\/wp-json\/wp\/v2\/pages"}],"about":[{"href":"https:\/\/alkionis-beach-apartments-rethymnon.com\/fr\/wp-json\/wp\/v2\/types\/page"}],"author":[{"embeddable":true,"href":"https:\/\/alkionis-beach-apartments-rethymnon.com\/fr\/wp-json\/wp\/v2\/users\/1"}],"replies":[{"embeddable":true,"href":"https:\/\/alkionis-beach-apartments-rethymnon.com\/fr\/wp-json\/wp\/v2\/comments?post=364"}],"version-history":[{"count":0,"href":"https:\/\/alkionis-beach-apartments-rethymnon.com\/fr\/wp-json\/wp\/v2\/pages\/364\/revisions"}],"wp:attachment":[{"href":"https:\/\/alkionis-beach-apartments-rethymnon.com\/fr\/wp-json\/wp\/v2\/media?parent=364"}],"curies":[{"name":"wp","href":"https:\/\/api.w.org\/{rel}","templated":true}]}}