{"id":359,"date":"2021-10-13T11:20:55","date_gmt":"2021-10-13T08:20:55","guid":{"rendered":"https:\/\/alkionis.local.com\/?page_id=359"},"modified":"2025-11-01T11:02:50","modified_gmt":"2025-11-01T09:02:50","slug":"informations-reservation","status":"publish","type":"page","link":"https:\/\/alkionis-beach-apartments-rethymnon.com\/fr\/informations-reservation\/","title":{"rendered":"INFORMATIONS R\u00c9SERVATION"},"content":{"rendered":"","protected":false},"excerpt":{"rendered":"<p>Alkionis Appartements et Studios \u00e0 louer \u00e0 Rethymnon avec vue sur la mer, Sfakaki, Cr\u00e8te, Gr\u00e8ce, avec des informations de r\u00e9servation pour des vacances r\u00e9ussies en Cr\u00e8te, Gr\u00e8ce<\/p>\n","protected":false},"author":1,"featured_media":0,"parent":0,"menu_order":0,"comment_status":"closed","ping_status":"closed","template":"page-FullWidth.php","meta":{"_acf_changed":false,"footnotes":""},"class_list":["post-359","page","type-page","status-publish","hentry"],"acf":[],"_links":{"self":[{"href":"https:\/\/alkionis-beach-apartments-rethymnon.com\/fr\/wp-json\/wp\/v2\/pages\/359","targetHints":{"allow":["GET"]}}],"collection":[{"href":"https:\/\/alkionis-beach-apartments-rethymnon.com\/fr\/wp-json\/wp\/v2\/pages"}],"about":[{"href":"https:\/\/alkionis-beach-apartments-rethymnon.com\/fr\/wp-json\/wp\/v2\/types\/page"}],"author":[{"embeddable":true,"href":"https:\/\/alkionis-beach-apartments-rethymnon.com\/fr\/wp-json\/wp\/v2\/users\/1"}],"replies":[{"embeddable":true,"href":"https:\/\/alkionis-beach-apartments-rethymnon.com\/fr\/wp-json\/wp\/v2\/comments?post=359"}],"version-history":[{"count":0,"href":"https:\/\/alkionis-beach-apartments-rethymnon.com\/fr\/wp-json\/wp\/v2\/pages\/359\/revisions"}],"wp:attachment":[{"href":"https:\/\/alkionis-beach-apartments-rethymnon.com\/fr\/wp-json\/wp\/v2\/media?parent=359"}],"curies":[{"name":"wp","href":"https:\/\/api.w.org\/{rel}","templated":true}]}}