{"id":357,"date":"2021-10-13T11:17:13","date_gmt":"2021-10-13T08:17:13","guid":{"rendered":"https:\/\/alkionis.local.com\/?page_id=357"},"modified":"2021-10-14T20:38:25","modified_gmt":"2021-10-14T17:38:25","slug":"emplacement","status":"publish","type":"page","link":"https:\/\/alkionis-beach-apartments-rethymnon.com\/fr\/emplacement\/","title":{"rendered":"EMPLACEMENT"},"content":{"rendered":"","protected":false},"excerpt":{"rendered":"<p>Alkionis Appartements et Studios \u00e0 louer \u00e0 Rethymnon avec vue sur la mer, Sfakaki, Cr\u00e8te, Gr\u00e8ce, avec informations sur les prix de l&rsquo;h\u00e9bergement pour des vacances r\u00e9ussies en Cr\u00e8te, Gr\u00e8ce<\/p>\n","protected":false},"author":1,"featured_media":0,"parent":0,"menu_order":0,"comment_status":"closed","ping_status":"closed","template":"page-FullWidth.php","meta":{"_acf_changed":false,"footnotes":""},"class_list":["post-357","page","type-page","status-publish","hentry"],"acf":[],"_links":{"self":[{"href":"https:\/\/alkionis-beach-apartments-rethymnon.com\/fr\/wp-json\/wp\/v2\/pages\/357","targetHints":{"allow":["GET"]}}],"collection":[{"href":"https:\/\/alkionis-beach-apartments-rethymnon.com\/fr\/wp-json\/wp\/v2\/pages"}],"about":[{"href":"https:\/\/alkionis-beach-apartments-rethymnon.com\/fr\/wp-json\/wp\/v2\/types\/page"}],"author":[{"embeddable":true,"href":"https:\/\/alkionis-beach-apartments-rethymnon.com\/fr\/wp-json\/wp\/v2\/users\/1"}],"replies":[{"embeddable":true,"href":"https:\/\/alkionis-beach-apartments-rethymnon.com\/fr\/wp-json\/wp\/v2\/comments?post=357"}],"version-history":[{"count":0,"href":"https:\/\/alkionis-beach-apartments-rethymnon.com\/fr\/wp-json\/wp\/v2\/pages\/357\/revisions"}],"wp:attachment":[{"href":"https:\/\/alkionis-beach-apartments-rethymnon.com\/fr\/wp-json\/wp\/v2\/media?parent=357"}],"curies":[{"name":"wp","href":"https:\/\/api.w.org\/{rel}","templated":true}]}}